{"id":3,"date":"2024-07-13T18:16:47","date_gmt":"2024-07-13T18:16:47","guid":{"rendered":"http:\/\/melodieundwahnsinn.de\/?page_id=3"},"modified":"2024-10-03T23:25:11","modified_gmt":"2024-10-03T21:25:11","slug":"datenschutzerklaerung","status":"publish","type":"page","link":"https:\/\/melodieundwahnsinn.de\/?page_id=3","title":{"rendered":"Datenschutzerkl\u00e4rung"},"content":{"rendered":"\n<h2 class=\"wp-block-heading\">Wer wir sind<\/h2>\n\n\n\n<p>Die Adresse unserer Website ist: https:\/\/www.melodieundwahnsinn.de.<\/p>\n\n\n\n<h2 class=\"wp-block-heading\">Information \u00fcber die Erhebung personenbezogener Daten<\/h2>\n\n\n\n<p>(1) Im Folgenden informieren wir \u00fcber die Erhebung personenbezogener Daten bei Nutzung unserer Website. Personenbezogene Daten sind alle Daten, die auf Sie pers\u00f6nlich beziehbar sind, z. B. Name, Adresse, E-Mail-Adressen, Nutzerverhalten.<\/p>\n\n\n\n<p>(2) Bei Ihrer Kontaktaufnahme mit uns per E-Mail oder \u00fcber ein Kontaktformular werden die von Ihnen mitgeteilten Daten (Ihre E-Mail-Adresse, ggf. Ihr Name und Ihre Telefonnummer) von uns gespeichert, um Ihre Fragen zu beantworten. Die in diesem Zusammenhang anfallenden Daten l\u00f6schen wir, nachdem die Speicherung nicht mehr erforderlich ist, oder schr\u00e4nken die Verarbeitung ein, falls gesetzliche Aufbewahrungspflichten bestehen.<\/p>\n\n\n\n<p>(3) Falls wir f\u00fcr einzelne Funktionen unseres Angebots auf beauftragte Dienstleister zur\u00fcckgreifen oder Ihre Daten f\u00fcr werbliche Zwecke nutzen m\u00f6chten, werden wir Sie untenstehend im Detail \u00fcber die jeweiligen Vorg\u00e4nge informieren. Dabei nennen wir auch die festgelegten Kriterien der Speicherdauer.<\/p>\n\n\n\n<h2 class=\"wp-block-heading\">Ihre Rechte<\/h2>\n\n\n\n<p>(1) Sie haben gegen\u00fcber uns folgende Rechte hinsichtlich der Sie betreffenden personenbezogenen Daten:<\/p>\n\n\n\n<p>\u2013&nbsp;&nbsp; Recht auf Auskunft,<\/p>\n\n\n\n<p>\u2013&nbsp;&nbsp; Recht auf Berichtigung oder L\u00f6schung,<\/p>\n\n\n\n<p>\u2013&nbsp;&nbsp; Recht auf Einschr\u00e4nkung der Verarbeitung,<\/p>\n\n\n\n<p>\u2013&nbsp;&nbsp; Recht auf Widerspruch gegen die Verarbeitung,<\/p>\n\n\n\n<p>\u2013&nbsp;&nbsp; Recht auf Daten\u00fcbertragbarkeit.<\/p>\n\n\n\n<p>(2) Sie haben zudem das Recht, sich bei einer Datenschutz-Aufsichtsbeh\u00f6rde \u00fcber die Verarbeitung Ihrer personenbezogenen Daten durch uns zu beschweren.<\/p>\n\n\n\n<h2 class=\"wp-block-heading\">Kommentare<\/h2>\n\n\n\n<p>(1) Wenn Besucher Kommentare auf der Website schreiben, sammeln wir die Daten, die im Kommentar-Formular angezeigt werden, au\u00dferdem die IP-Adresse des Besuchers und den User-Agent-String (damit wird der Browser identifiziert), um die Erkennung von Spam zu unterst\u00fctzen.<\/p>\n\n\n\n<p>(2) Aus Ihrer E-Mail-Adresse kann eine anonymisierte Zeichenfolge erstellt (auch Hash genannt) und dem Gravatar-Dienst \u00fcbergeben werden, um zu pr\u00fcfen, ob Sie diesen benutzen. Die Datenschutzerkl\u00e4rung des Gravatar-Dienstes finden Sie hier: <a href=\"https:\/\/automattic.com\/privacy\/\" target=\"_blank\" rel=\"noreferrer noopener nofollow\">https:\/\/automattic.com\/privacy\/<\/a>. Nachdem Ihr Kommentar freigegeben wurde, ist Ihr Profilbild \u00f6ffentlich im Kontext Ihres Kommentars sichtbar.<\/p>\n\n\n\n<p>(3) In unserem Blog k\u00f6nnen Sie \u00f6ffentliche Kommentare abgeben. Ihr Kommentar wird mit Ihrem angegebenen Nutzernamen bei dem Beitrag ver\u00f6ffentlicht. Wir empfehlen, ein Pseudonym statt Ihres Klarnamens zu verwenden. Die Angabe von Nutzernamen und E-Mail-Adresse ist erforderlich, alle weiteren Informationen sind freiwillig. Wenn Sie einen Kommentar abgeben, speichern wir weiterhin Ihre IP-Adresse, die wir nach einer Woche l\u00f6schen. Die Speicherung ist f\u00fcr uns erforderlich, um uns in F\u00e4llen einer m\u00f6glichen Ver\u00f6ffentlichung widerrechtlicher Inhalte gegen Haftungsanspr\u00fcche verteidigen zu k\u00f6nnen. Ihre E-Mail-Adresse ben\u00f6tigen wir, um mit Ihnen in Kontakt zu treten, falls ein Dritter Ihren Kommentar als rechtswidrig beanstanden sollte. Rechtsgrundlagen sind Art.\u00a06 Abs.\u00a01 S.\u00a01 lit. b und f DS-GVO. Die Kommentare werden vor Ver\u00f6ffentlichung gepr\u00fcft. Wir behalten uns vor, Kommentare zu l\u00f6schen, wenn sie von Dritten als rechtswidrig beanstandet werden.<\/p>\n\n\n\n<p>(4) Beim Schreiben Ihres Kommentars k\u00f6nnen Sie einen Haken bei unserem E-Mail-Service setzen. Dadurch werden Sie informiert, wenn weitere Nutzer einen Kommentar zu dem Beitrag hinterlassen. F\u00fcr diesen Service setzen wir das sog. Double-opt-in-Verfahren ein, d. h. Sie erhalten eine E-Mail, in der Sie best\u00e4tigen m\u00fcssen, dass Sie Inhaber dieser E-Mail-Adresse sind und den Erhalt der Benachrichtigungen w\u00fcnschen. Die Benachrichtigungen k\u00f6nnen Sie jederzeit abbestellen, indem Sie auf den in der E-Mail enthaltenen Link klicken. Ihre personenbezogenen Daten, inklusive E-Mail-Adresse, Ihre Zeitpunkte der Registrierung f\u00fcr den Service und Ihre IP-Adresse werden von uns gespeichert, bis Sie sich von dem Hinweis-Service abmelden.<\/p>\n\n\n\n<h2 class=\"wp-block-heading\">Erhebung personenbezogener Daten bei Besuch unserer Website<\/h2>\n\n\n\n<p>(1) Bei der rein informatorischen Nutzung der Website, also wenn Sie sich nicht registrieren oder uns anderweitig Informationen \u00fcbermitteln, erheben wir nur die personenbezogenen Daten, die Ihr Browser an unseren Server \u00fcbermittelt. Wenn Sie unsere Website betrachten m\u00f6chten, erheben wir die folgenden Daten, die f\u00fcr uns technisch erforderlich sind, um Ihnen unsere Website anzuzeigen und die Stabilit\u00e4t und Sicherheit zu gew\u00e4hrleisten (Rechtsgrundlage ist Art.\u00a06 Abs.\u00a01 S.\u00a01 lit. f DS-GVO):<\/p>\n\n\n\n<p>\u2013&nbsp;&nbsp; IP-Adresse<\/p>\n\n\n\n<p>\u2013&nbsp;&nbsp; Datum und Uhrzeit der Anfrage<\/p>\n\n\n\n<p>\u2013&nbsp;&nbsp; Zeitzonendifferenz zur Greenwich Mean Time (GMT)<\/p>\n\n\n\n<p>\u2013&nbsp;&nbsp; Inhalt der Anforderung (konkrete Seite)<\/p>\n\n\n\n<p>\u2013&nbsp;&nbsp; Zugriffsstatus\/HTTP-Statuscode<\/p>\n\n\n\n<p>\u2013&nbsp;&nbsp; jeweils \u00fcbertragene Datenmenge<\/p>\n\n\n\n<p>\u2013&nbsp;&nbsp; Website, von der die Anforderung kommt<\/p>\n\n\n\n<p>\u2013&nbsp;&nbsp; Browser<\/p>\n\n\n\n<p>\u2013&nbsp;&nbsp; Betriebssystem und dessen Oberfl\u00e4che<\/p>\n\n\n\n<p>\u2013&nbsp;&nbsp; Sprache und Version der Browsersoftware.<\/p>\n\n\n\n<p>(2) Zus\u00e4tzlich zu den zuvor genannten Daten werden bei Ihrer Nutzung unserer Website Cookies auf Ihrem Rechner gespeichert. Bei Cookies handelt es sich um kleine Textdateien, die auf Ihrer Festplatte dem von Ihnen verwendeten Browser zugeordnet gespeichert werden und durch welche der Stelle, die den Cookie setzt (hier durch uns), bestimmte Informationen zuflie\u00dfen. Cookies k\u00f6nnen keine Programme ausf\u00fchren oder Viren auf Ihren Computer \u00fcbertragen. Sie dienen dazu, das Internetangebot insgesamt nutzerfreundlicher und effektiver zu machen.<\/p>\n\n\n\n<p>(3) Einsatz von Cookies:<\/p>\n\n\n\n<p>a) Diese Website nutzt folgende Arten von Cookies, deren Umfang und Funktionsweise im Folgenden erl\u00e4utert werden:<\/p>\n\n\n\n<p>\u2013&nbsp;&nbsp; Transiente Cookies (dazu b)<\/p>\n\n\n\n<p>\u2013&nbsp;&nbsp; Persistente Cookies (dazu c).<\/p>\n\n\n\n<p>b) Transiente Cookies werden automatisiert gel\u00f6scht, wenn Sie den Browser schlie\u00dfen. Dazu z\u00e4hlen insbesondere die Session-Cookies. Diese speichern eine sogenannte Session-ID, mit welcher sich verschiedene Anfragen Ihres Browsers der gemeinsamen Sitzung zuordnen lassen. Dadurch kann Ihr Rechner wiedererkannt werden, wenn Sie auf unsere Website zur\u00fcckkehren. Die Session-Cookies werden gel\u00f6scht, wenn Sie sich ausloggen oder den Browser schlie\u00dfen.<\/p>\n\n\n\n<p>c) Persistente Cookies werden automatisiert nach einer vorgegebenen Dauer gel\u00f6scht, die sich je nach Cookie unterscheiden kann. Sie k\u00f6nnen die Cookies in den Sicherheitseinstellungen Ihres Browsers jederzeit l\u00f6schen.<\/p>\n\n\n\n<p>d) Sie k\u00f6nnen Ihre Browser-Einstellung entsprechend Ihren W\u00fcnschen konfigurieren und z. B. die Annahme von Third-Party-Cookies oder allen Cookies ablehnen. Wir weisen Sie darauf hin, dass Sie in diesem Fall eventuell nicht alle Funktionen dieser Website nutzen k\u00f6nnen.<\/p>\n\n\n\n<h2 class=\"wp-block-heading\">Weitere Funktionen und Angebote unserer Website<\/h2>\n\n\n\n<p>(1) Neben der rein informatorischen Nutzung unserer Website bieten wir verschiedene Leistungen an, die Sie bei Interesse nutzen k\u00f6nnen. Dazu m\u00fcssen Sie in der Regel weitere personenbezogene Daten angeben, die wir zur Erbringung der jeweiligen Leistung nutzen und f\u00fcr die die zuvor genannten Grunds\u00e4tze zur Datenverarbeitung gelten.<\/p>\n\n\n\n<p>(2) Teilweise bedienen wir uns zur Verarbeitung Ihrer Daten externer Dienstleister. Diese wurden von uns sorgf\u00e4ltig ausgew\u00e4hlt und beauftragt, sind an unsere Weisungen gebunden und werden regelm\u00e4\u00dfig kontrolliert.<\/p>\n\n\n\n<p>(3) Weiterhin k\u00f6nnen wir Ihre personenbezogenen Daten an Dritte weitergeben, wenn Aktionsteilnahmen, Gewinnspiele, Vertragsabschl\u00fcsse oder \u00e4hnliche Leistungen von uns gemeinsam mit Partnern angeboten werden. N\u00e4here Informationen hierzu erhalten Sie bei Angabe Ihrer personenbezogenen Daten oder untenstehend in der Beschreibung des Angebotes.<\/p>\n\n\n\n<p>(4) Soweit unsere Dienstleister oder Partner ihren Sitz in einem Staat au\u00dferhalb des Europ\u00e4ischen Wirtschaftsraumen (EWR) haben, informieren wir Sie \u00fcber die Folgen dieses Umstands in der Beschreibung des Angebotes.<\/p>\n\n\n\n<h2 class=\"wp-block-heading\">Real Cookie Banner<\/h2>\n\n\n\n<p>Zur Verwaltung der eingesetzten Cookies und \u00e4hnlichen Technologien (Tracking-Pixel, Web-Beacons etc.) und diesbez\u00fcglicher Einwilligungen setzen wir das Consent Tool \u201eReal Cookie Banner\u201c ein. Details zur Funktionsweise von \u201eReal Cookie Banner\u201c findest du&nbsp;<a href=\"https:\/\/devowl.io\/de\/rcb\/datenverarbeitung\/\" target=\"_blank\" rel=\"noreferrer noopener\">unter<\/a>.<\/p>\n\n\n\n<p>Rechtsgrundlagen f\u00fcr die Verarbeitung von personenbezogenen Daten in diesem Zusammenhang sind Art. 6 Abs. 1 lit. c DS-GVO und Art. 6 Abs. 1 lit. f DS-GVO. Unser berechtigtes Interesse ist die Verwaltung der eingesetzten Cookies und \u00e4hnlichen Technologien und der diesbez\u00fcglichen Einwilligungen.<\/p>\n\n\n\n<p>Die Bereitstellung der personenbezogenen Daten ist weder vertraglich vorgeschrieben noch f\u00fcr den Abschluss eines Vertrages notwendig. Du bist nicht verpflichtet die personenbezogenen Daten bereitzustellen. Wenn du die personenbezogenen Daten nicht bereitstellst, k\u00f6nnen wir deine Einwilligungen nicht verwalten.<\/p>\n\n\n\n<h2 class=\"wp-block-heading\">Newsletter<\/h2>\n\n\n\n<p>(1) Mit Ihrer Einwilligung k\u00f6nnen Sie unseren Newsletter abonnieren, mit dem wir Sie \u00fcber unsere aktuellen Beitr\u00e4ge und Neuigkeiten rund um Melodie und Wahnsinn informieren.<\/p>\n\n\n\n<p>(2) F\u00fcr die Anmeldung zu unserem Newsletter verwenden wir das sog. Double-opt-in-Verfahren. Das hei\u00dft, dass wir Ihnen nach Ihrer Anmeldung eine E-Mail an die angegebene E-Mail-Adresse senden, in welcher wir Sie um Best\u00e4tigung bitten, dass Sie den Versand des Newsletters w\u00fcnschen. Dar\u00fcber hinaus speichern wir jeweils Ihre eingesetzten IP-Adressen und Zeitpunkte der Anmeldung und Best\u00e4tigung. Zweck des Verfahrens ist, Ihre Anmeldung nachweisen und ggf. einen m\u00f6glichen Missbrauch Ihrer pers\u00f6nlichen Daten aufkl\u00e4ren zu k\u00f6nnen.<\/p>\n\n\n\n<p>(3) Pflichtangabe f\u00fcr die \u00dcbersendung des Newsletters ist allein Ihre E-Mail-Adresse. Nach Ihrer Best\u00e4tigung speichern wir Ihre E-Mail-Adresse zum Zweck der Zusendung des Newsletters. Rechtsgrundlage ist&nbsp;Art.&nbsp;<a href=\"https:\/\/beck-online.beck.de\/?typ=reference&amp;y=100&amp;a=6&amp;g=EWG_DSGVO\">6<\/a>&nbsp;Abs.&nbsp;<a href=\"https:\/\/beck-online.beck.de\/?typ=reference&amp;y=100&amp;a=6&amp;g=EWG_DSGVO&amp;x=1\">1<\/a>&nbsp;S.&nbsp;1 lit. a DS-GVO.<\/p>\n\n\n\n<p>(4) Ihre Einwilligung in die \u00dcbersendung des Newsletters k\u00f6nnen Sie jederzeit widerrufen und den Newsletter abbestellen. Den Widerruf k\u00f6nnen Sie durch Klick auf den in jeder Newsletter-E-Mail bereitgestellten Link oder per E-Mail an paul@melodieundwahnsinn.de erkl\u00e4ren.<\/p>\n\n\n\n<p>(5) F\u00fcr den Versand der Newsletter nutzen wir die E-Mail-Marketing-Plattform \u201eMailchimp\u201c des Diensteanbieters Rocket Science Group, LLC, 675 Ponce De Leon Ave NE #5000, Atlanta, GA 30308, USA; Website:&nbsp;<a href=\"https:\/\/mailchimp.com\/\" target=\"_blank\" rel=\"noreferrer noopener\">https:\/\/mailchimp.com<\/a>; Datenschutzerkl\u00e4rung:&nbsp;<a href=\"https:\/\/mailchimp.com\/legal\/privacy\/\" target=\"_blank\" rel=\"noreferrer noopener\">https:\/\/mailchimp.com\/legal\/privacy\/<\/a>; Privacy Shield (Gew\u00e4hrleistung Datenschutzniveau bei Verarbeitung von Daten in den USA):&nbsp;<a href=\"https:\/\/www.privacyshield.gov\/participant?id=a2zt0000000TO6hAAG&amp;status=Active\" target=\"_blank\" rel=\"noreferrer noopener\">https:\/\/www.privacyshield.gov\/participant?id=a2zt0000000TO6hAAG&amp;status=Active<\/a>.<\/p>\n\n\n\n<h2 class=\"wp-block-heading\">Widerspruch oder Widerruf gegen die Verarbeitung Ihrer Daten<\/h2>\n\n\n\n<p>(1) Falls Sie eine Einwilligung zur Verarbeitung Ihrer Daten erteilt haben, k\u00f6nnen Sie diese jederzeit widerrufen. Ein solcher Widerruf beeinflusst die Zul\u00e4ssigkeit der Verarbeitung Ihrer personenbezogenen Daten, nachdem Sie ihn gegen\u00fcber uns ausgesprochen haben.<\/p>\n\n\n\n<p>(2) Soweit wir die Verarbeitung Ihrer personenbezogenen Daten auf die Interessenabw\u00e4gung st\u00fctzen, k\u00f6nnen Sie Widerspruch gegen die Verarbeitung einlegen. Dies ist der Fall, wenn die Verarbeitung insbesondere nicht zur Erf\u00fcllung eines Vertrags mit Ihnen erforderlich ist, was von uns jeweils bei der nachfolgenden Beschreibung der Funktionen dargestellt wird. Bei Aus\u00fcbung eines solchen Widerspruchs bitten wir um Darlegung der Gr\u00fcnde, weshalb wir Ihre personenbezogenen Daten nicht wie von uns durchgef\u00fchrt verarbeiten sollten. Im Falle Ihres begr\u00fcndeten Widerspruchs pr\u00fcfen wir die Sachlage und werden entweder die Datenverarbeitung einstellen bzw. anpassen oder Ihnen unsere zwingenden schutzw\u00fcrdigen Gr\u00fcnde aufzeigen, aufgrund derer wir die Verarbeitung fortf\u00fchren.<\/p>\n\n\n\n<p>(3) Selbstverst\u00e4ndlich k\u00f6nnen Sie der Verarbeitung Ihrer personenbezogenen Daten f\u00fcr Zwecke der Werbung und Datenanalyse jederzeit widersprechen. \u00dcber Ihren Werbewiderspruch k\u00f6nnen Sie uns unter folgenden Kontaktdaten informieren: paul@melodieundwahnsinn.de.<\/p>\n\n\n\n<h2 class=\"wp-block-heading\">Einbindung von YouTube-Videos<\/h2>\n\n\n\n<p>(1) Wir haben YouTube-Videos in unser Online-Angebot eingebunden, die auf\u00a0<a href=\"http:\/\/www.youtube.com\/\">http:\/\/www.YouTube.com<\/a>\u00a0gespeichert sind und von unserer Website aus direkt abspielbar sind.<\/p>\n\n\n\n<p>(2) Durch den Besuch auf der Website erh\u00e4lt YouTube die Information, dass Sie die entsprechende Unterseite unserer Website aufgerufen haben. Zudem werden die oben in dieser Erkl\u00e4rung genannten Daten \u00fcbermittelt. Dies erfolgt unabh\u00e4ngig davon, ob YouTube ein Nutzerkonto bereitstellt, \u00fcber das Sie eingeloggt sind, oder ob kein Nutzerkonto besteht. Wenn Sie bei Google eingeloggt sind, werden Ihre Daten direkt Ihrem Konto zugeordnet. Wenn Sie die Zuordnung mit Ihrem Profil bei YouTube nicht w\u00fcnschen, m\u00fcssen Sie sich vor Aktivierung des Buttons ausloggen. YouTube speichert Ihre Daten als Nutzungsprofile und nutzt sie f\u00fcr Zwecke der Werbung, Marktforschung und\/oder bedarfsgerechten Gestaltung seiner Website. Eine solche Auswertung erfolgt insbesondere (selbst f\u00fcr nicht eingeloggte Nutzer) zur Erbringung von bedarfsgerechter Werbung und um andere Nutzer des sozialen Netzwerks \u00fcber Ihre Aktivit\u00e4ten auf unserer Website zu informieren. Ihnen steht ein Widerspruchsrecht zu gegen die Bildung dieser Nutzerprofile, wobei Sie sich zur Aus\u00fcbung dessen an YouTube richten m\u00fcssen.<\/p>\n\n\n\n<p>(3) Weitere Informationen zu Zweck und Umfang der Datenerhebung und ihrer Verarbeitung durch YouTube erhalten Sie in der Datenschutzerkl\u00e4rung. Dort erhalten Sie auch weitere Informationen zu Ihren Rechten und Einstellungsm\u00f6glichkeiten zum Schutze Ihrer Privatsph\u00e4re:\u00a0<a href=\"https:\/\/www.google.de\/intl\/de\/policies\/privacy\">https:\/\/www.google.de\/intl\/de\/policies\/privacy<\/a>. Google verarbeitet Ihre personenbezogenen Daten auch in den USA und hat sich dem EU-US-Privacy-Shield unterworfen,\u00a0<a href=\"https:\/\/www.privacyshield.gov\/EU-US-Framework\">https:\/\/www.privacyshield.gov\/EU-US-Framework<\/a>.<\/p>\n\n\n\n<h2 class=\"wp-block-heading\">Einbindung von Google Fonts<\/h2>\n\n\n\n<p>Auf dieser Webseite nutzen wir die Schriftarten (\u201eGoogle Fonts\u201c) des Anbieters Google LLC, 1600 Amphitheatre Parkway, Mountain View, CA 94043, USA. Die Schriften sind auf unseren Servern gespeichert. Eine Verbindung zu der Servern von Google wird nicht hergestelllt.  Datenschutzerkl\u00e4rung:\u00a0<a href=\"https:\/\/www.google.com\/policies\/privacy\/\" target=\"_blank\" rel=\"noreferrer noopener\">https:\/\/www.google.com\/policies\/privacy\/<\/a>, Opt-Out:\u00a0<a href=\"https:\/\/adssettings.google.com\/authenticated\" target=\"_blank\" rel=\"noreferrer noopener\">https:\/\/adssettings.google.com\/authenticated<\/a>.<\/p>\n","protected":false},"excerpt":{"rendered":"<p>Wer wir sind Die Adresse unserer Website ist: https:\/\/www.melodieundwahnsinn.de. Information \u00fcber die Erhebung personenbezogener Daten (1) Im Folgenden informieren wir \u00fcber die Erhebung personenbezogener Daten bei Nutzung unserer Website. Personenbezogene Daten sind alle Daten, die auf Sie pers\u00f6nlich beziehbar sind, z. B. Name, Adresse, E-Mail-Adressen, Nutzerverhalten. (2) Bei Ihrer Kontaktaufnahme mit uns per E-Mail oder &hellip;<\/p>\n","protected":false},"author":1,"featured_media":0,"parent":0,"menu_order":0,"comment_status":"closed","ping_status":"open","template":"","meta":{"footnotes":""},"class_list":["post-3","page","type-page","status-publish","hentry"],"_links":{"self":[{"href":"https:\/\/melodieundwahnsinn.de\/index.php?rest_route=\/wp\/v2\/pages\/3","targetHints":{"allow":["GET"]}}],"collection":[{"href":"https:\/\/melodieundwahnsinn.de\/index.php?rest_route=\/wp\/v2\/pages"}],"about":[{"href":"https:\/\/melodieundwahnsinn.de\/index.php?rest_route=\/wp\/v2\/types\/page"}],"author":[{"embeddable":true,"href":"https:\/\/melodieundwahnsinn.de\/index.php?rest_route=\/wp\/v2\/users\/1"}],"replies":[{"embeddable":true,"href":"https:\/\/melodieundwahnsinn.de\/index.php?rest_route=%2Fwp%2Fv2%2Fcomments&post=3"}],"version-history":[{"count":1,"href":"https:\/\/melodieundwahnsinn.de\/index.php?rest_route=\/wp\/v2\/pages\/3\/revisions"}],"predecessor-version":[{"id":1045,"href":"https:\/\/melodieundwahnsinn.de\/index.php?rest_route=\/wp\/v2\/pages\/3\/revisions\/1045"}],"wp:attachment":[{"href":"https:\/\/melodieundwahnsinn.de\/index.php?rest_route=%2Fwp%2Fv2%2Fmedia&parent=3"}],"curies":[{"name":"wp","href":"https:\/\/api.w.org\/{rel}","templated":true}]}}