{"id":1316,"date":"2025-01-22T00:44:18","date_gmt":"2025-01-21T23:44:18","guid":{"rendered":"https:\/\/melodieundwahnsinn.de\/?page_id=1316"},"modified":"2025-07-13T01:53:02","modified_gmt":"2025-07-12T23:53:02","slug":"listenwahn","status":"publish","type":"page","link":"https:\/\/melodieundwahnsinn.de\/?page_id=1316","title":{"rendered":"Listenwahn"},"content":{"rendered":"\n<p>Auf dieser Seite stehen alle Listen, die ich bisher f\u00fcr meinen Block so erstellt habe und f\u00fcr die auf der Startseite kein Platz mehr ist. Viel Spa\u00df beim St\u00f6bern.<\/p>\n\n\n\n<div class=\"wp-block-columns is-layout-flex wp-container-core-columns-is-layout-9d6595d7 wp-block-columns-is-layout-flex\">\n<div class=\"wp-block-column is-layout-flow wp-block-column-is-layout-flow\">\n<p><strong>Die besten deutschen Fu\u00dfballtrainer aller Zeiten.<\/strong><br>1. Ottmar Hitzfeld<br>2. J\u00fcrgen Klopp<br>3. Udo Lattek<br>4. Otto Rehhagel<br>5. Joachim L\u00f6w<br>6. Hennes Weisweiler<br>7. Rudi Gutendorf<br>8. Sepp Herberger<br>9. Thomas Tuchel<br>10. Dettmar Cramer<br>\u00a0<\/p>\n<\/div>\n\n\n\n<div class=\"wp-block-column is-layout-flow wp-block-column-is-layout-flow\">\n<p><strong>Einfach mal rausgehauen\u2026 Die besten Bands aller Zeiten.<\/strong><br>1. The Beatles<br>2. Led Zeppelin<br>3. Pink Floyd<br>4. The Rolling Stones<br>5. Iron Maiden<br>6. Queen<br>7. Depeche Mode<br>8. New Model Army<br>9. Slipknot<br>10. Oasis<\/p>\n<\/div>\n<\/div>\n\n\n\n<div class=\"wp-block-columns is-layout-flex wp-container-core-columns-is-layout-9d6595d7 wp-block-columns-is-layout-flex\">\n<div class=\"wp-block-column is-layout-flow wp-block-column-is-layout-flow\">\n<p><strong>Aktuell zur Amtseinf\u00fchrung des US-Pr\u00e4sidenten: Menschen, die nun wirklich kein Mensch mehr braucht!<\/strong><br>1. Vladimir Putin<br>2. Kim Jong-un<br>3. Aljaksandr Lukaschenka<br>4. Ali Chamenei<br>5. Donald Trump<br>6. Bj\u00f6rn H\u00f6cke<br>7. Alice Weidel<br>8. Tino Chrupalla<br>9. Victor Orban<br>10. Giorgia Meloni<br><br><\/p>\n<\/div>\n\n\n\n<div class=\"wp-block-column is-layout-flow wp-block-column-is-layout-flow\">\n<p><strong>Leverkusen ist raus! Zehn Vereine, die jetzt auch endlich mal Deutscher Fu\u00dfballmeister werden sollen!<\/strong><br>1. Union Berlin<br>2. FC St. Pauli<br>3. SC Freiburg<br>4. VfL Osnabr\u00fcck<br>5. Arminia Bielefeld<br>6. VfL Bochum<br>7. 1.FC Saarbr\u00fccken<br>8. Rot-Wei\u00df Oberhausen<br>9. SV Babelsberg<br>10. VfB L\u00fcbeck<br><\/p>\n<\/div>\n<\/div>\n\n\n\n<div class=\"wp-block-columns is-layout-flex wp-container-core-columns-is-layout-9d6595d7 wp-block-columns-is-layout-flex\">\n<div class=\"wp-block-column is-layout-flow wp-block-column-is-layout-flow\">\n<p><strong>Automarken, die ihren Fahrer (sic!) automatisch zu einem schlechten Autofahrer machen\u2026<\/strong><\/p>\n\n\n\n<ol class=\"wp-block-list\">\n<li>BMW<\/li>\n\n\n\n<li>Kia<\/li>\n\n\n\n<li>Dacia<\/li>\n\n\n\n<li>Porsche<\/li>\n\n\n\n<li>Range Rover<\/li>\n\n\n\n<li>Audi<\/li>\n\n\n\n<li>Citroen<\/li>\n\n\n\n<li>Lada<\/li>\n\n\n\n<li>Hyundai<\/li>\n\n\n\n<li>Lamborghini<\/li>\n<\/ol>\n<\/div>\n\n\n\n<div class=\"wp-block-column is-layout-flow wp-block-column-is-layout-flow\">\n<p><strong>Komplett subjektiv und nur St\u00e4dte, in denen ich selbst schon gewesen bin. Die sch\u00f6nsten St\u00e4dte der Welt!<\/strong><\/p>\n\n\n\n<ol class=\"wp-block-list\">\n<li>New York City<\/li>\n\n\n\n<li>Wien<\/li>\n\n\n\n<li>Berlin<\/li>\n\n\n\n<li>Kopenhagen<\/li>\n\n\n\n<li>Stockholm<\/li>\n\n\n\n<li>Dublin<\/li>\n\n\n\n<li>Porto<\/li>\n\n\n\n<li>Liverpool<\/li>\n\n\n\n<li>Hamburg<\/li>\n\n\n\n<li>N\u00fcrnberg<\/li>\n<\/ol>\n<\/div>\n<\/div>\n","protected":false},"excerpt":{"rendered":"<p>Auf dieser Seite stehen alle Listen, die ich bisher f\u00fcr meinen Block so erstellt habe und f\u00fcr die auf der Startseite kein Platz mehr ist. Viel Spa\u00df beim St\u00f6bern. Die besten deutschen Fu\u00dfballtrainer aller Zeiten.1. Ottmar Hitzfeld2. J\u00fcrgen Klopp3. Udo Lattek4. Otto Rehhagel5. Joachim L\u00f6w6. Hennes Weisweiler7. Rudi Gutendorf8. Sepp Herberger9. Thomas Tuchel10. Dettmar Cramer\u00a0 &hellip;<\/p>\n","protected":false},"author":1,"featured_media":0,"parent":0,"menu_order":0,"comment_status":"closed","ping_status":"closed","template":"","meta":{"footnotes":""},"class_list":["post-1316","page","type-page","status-publish","hentry"],"_links":{"self":[{"href":"https:\/\/melodieundwahnsinn.de\/index.php?rest_route=\/wp\/v2\/pages\/1316","targetHints":{"allow":["GET"]}}],"collection":[{"href":"https:\/\/melodieundwahnsinn.de\/index.php?rest_route=\/wp\/v2\/pages"}],"about":[{"href":"https:\/\/melodieundwahnsinn.de\/index.php?rest_route=\/wp\/v2\/types\/page"}],"author":[{"embeddable":true,"href":"https:\/\/melodieundwahnsinn.de\/index.php?rest_route=\/wp\/v2\/users\/1"}],"replies":[{"embeddable":true,"href":"https:\/\/melodieundwahnsinn.de\/index.php?rest_route=%2Fwp%2Fv2%2Fcomments&post=1316"}],"version-history":[{"count":4,"href":"https:\/\/melodieundwahnsinn.de\/index.php?rest_route=\/wp\/v2\/pages\/1316\/revisions"}],"predecessor-version":[{"id":1710,"href":"https:\/\/melodieundwahnsinn.de\/index.php?rest_route=\/wp\/v2\/pages\/1316\/revisions\/1710"}],"wp:attachment":[{"href":"https:\/\/melodieundwahnsinn.de\/index.php?rest_route=%2Fwp%2Fv2%2Fmedia&parent=1316"}],"curies":[{"name":"wp","href":"https:\/\/api.w.org\/{rel}","templated":true}]}}