{"id":1029,"date":"2024-10-03T18:31:55","date_gmt":"2024-10-03T16:31:55","guid":{"rendered":"https:\/\/melodieundwahnsinn.de\/?page_id=1029"},"modified":"2024-10-03T18:34:21","modified_gmt":"2024-10-03T16:34:21","slug":"ptsd","status":"publish","type":"page","link":"https:\/\/melodieundwahnsinn.de\/?page_id=1029","title":{"rendered":"[PTSD] Posttraumatic Stress Disorder"},"content":{"rendered":"\n<h2 class=\"wp-block-heading\">Laut, hart und dunkel<\/h2>\n\n\n\n[PTSD] ist die Abk\u00fcrzung f\u00fcr Posttraumatic Stress Disorder. Die Band gr\u00fcndete sich 2003 zun\u00e4chst als reines Studio-Projekt. Das erste Album \u00bbNovember 31st\u00ab erschien im M\u00e4rz 2005 und war der Soundtrack zum Spielfilm \u00bbDer 31. November\u00ab. Live-Auftritte gab es zu dem Album jedoch keine und auch auf einen Nachfolger wartete man viele Jahre vergeblich.<\/p>\n\n\n\n<p>Erst 2019 gab es dann pl\u00f6tzlich wieder ein Lebenszeichen. Mastermind P. Samuel Disorder hatte \u00fcber die Jahre Musiker gesucht und in diversen Aufnahmesession das Album \u00bbBlacklist\u00ab eingespielt. Noch vor Erscheinen des Albums im Dezember 2019 war das Septett im Oktober auf einer kurzen Tour in Schweden unterwegs. Dort wurde auch ein Musikvideo gedreht. Weitere Auftritte gab es von Posttraumatic Stress Disorder bis heute nicht und auch, ob es noch einen Nachfolger zu \u00bbBlacklist\u00ab geben wird, steht bisher noch in den Sternen.<\/p>\n\n\n\n<figure class=\"wp-block-image size-large\"><img loading=\"lazy\" decoding=\"async\" width=\"1024\" height=\"683\" src=\"https:\/\/melodieundwahnsinn.de\/wp-content\/uploads\/2024\/10\/The-Band-PTSD-1024x683.jpg\" alt=\"\" class=\"wp-image-1032\" srcset=\"https:\/\/melodieundwahnsinn.de\/wp-content\/uploads\/2024\/10\/The-Band-PTSD-1024x683.jpg 1024w, https:\/\/melodieundwahnsinn.de\/wp-content\/uploads\/2024\/10\/The-Band-PTSD-300x200.jpg 300w, https:\/\/melodieundwahnsinn.de\/wp-content\/uploads\/2024\/10\/The-Band-PTSD-768x512.jpg 768w, https:\/\/melodieundwahnsinn.de\/wp-content\/uploads\/2024\/10\/The-Band-PTSD-1536x1024.jpg 1536w, https:\/\/melodieundwahnsinn.de\/wp-content\/uploads\/2024\/10\/The-Band-PTSD.jpg 1920w\" sizes=\"auto, (max-width: 1024px) 100vw, 1024px\" \/><\/figure>\n\n\n\n<div class=\"wp-block-columns is-layout-flex wp-container-core-columns-is-layout-9d6595d7 wp-block-columns-is-layout-flex\">\n<div class=\"wp-block-column is-layout-flow wp-block-column-is-layout-flow\">\n<figure class=\"wp-block-embed is-type-rich is-provider-spotify wp-block-embed-spotify wp-embed-aspect-21-9 wp-has-aspect-ratio\"><div class=\"wp-block-embed__wrapper\">\n<iframe hcb-fetch-image-from=\"https:\/\/open.spotify.com\/intl-de\/album\/0OJYA0bMxwLgq44M45o2zE?si=yYXXNdhZS7Srcq10Ytwh7Q\" title=\"Spotify Embed: November 31st\" style=\"border-radius: 12px\" width=\"100%\" height=\"352\" frameborder=\"0\" allowfullscreen allow=\"autoplay; clipboard-write; encrypted-media; fullscreen; picture-in-picture\" loading=\"lazy\" src=\"https:\/\/open.spotify.com\/embed\/album\/0OJYA0bMxwLgq44M45o2zE?si=yYXXNdhZS7Srcq10Ytwh7Q&#038;utm_source=oembed\"><\/iframe>\n<\/div><figcaption class=\"wp-element-caption\">Das Album ist selbstverst\u00e4ndlich auch auf allen anderen, g\u00e4ngigen Streamingplattformen verf\u00fcgbar.<\/figcaption><\/figure>\n<\/div>\n\n\n\n<div class=\"wp-block-column is-layout-flow wp-block-column-is-layout-flow\">\n<figure class=\"wp-block-embed is-type-rich is-provider-spotify wp-block-embed-spotify wp-embed-aspect-21-9 wp-has-aspect-ratio\"><div class=\"wp-block-embed__wrapper\">\n<iframe hcb-fetch-image-from=\"https:\/\/open.spotify.com\/intl-de\/album\/1iXq4xJv9P9j0KWS1AgOZQ?si=26vA_yzFQ9O4_WSvNxSV1A\" title=\"Spotify Embed: Blacklist\" style=\"border-radius: 12px\" width=\"100%\" height=\"352\" frameborder=\"0\" allowfullscreen allow=\"autoplay; clipboard-write; encrypted-media; fullscreen; picture-in-picture\" loading=\"lazy\" src=\"https:\/\/open.spotify.com\/embed\/album\/1iXq4xJv9P9j0KWS1AgOZQ?si=26vA_yzFQ9O4_WSvNxSV1A&#038;utm_source=oembed\"><\/iframe>\n<\/div><figcaption class=\"wp-element-caption\">Das Album ist selbstverst\u00e4ndlich auch auf allen anderen, g\u00e4ngigen Streamingplattformen verf\u00fcgbar.<\/figcaption><\/figure>\n<\/div>\n<\/div>\n\n\n\n<figure class=\"wp-block-image size-large\"><img loading=\"lazy\" decoding=\"async\" width=\"1024\" height=\"683\" src=\"https:\/\/melodieundwahnsinn.de\/wp-content\/uploads\/2024\/10\/THE-BAND-OFFICIAL-1024x683.jpg\" alt=\"\" class=\"wp-image-1033\" srcset=\"https:\/\/melodieundwahnsinn.de\/wp-content\/uploads\/2024\/10\/THE-BAND-OFFICIAL-1024x683.jpg 1024w, https:\/\/melodieundwahnsinn.de\/wp-content\/uploads\/2024\/10\/THE-BAND-OFFICIAL-300x200.jpg 300w, https:\/\/melodieundwahnsinn.de\/wp-content\/uploads\/2024\/10\/THE-BAND-OFFICIAL-768x512.jpg 768w, https:\/\/melodieundwahnsinn.de\/wp-content\/uploads\/2024\/10\/THE-BAND-OFFICIAL-1536x1024.jpg 1536w, https:\/\/melodieundwahnsinn.de\/wp-content\/uploads\/2024\/10\/THE-BAND-OFFICIAL.jpg 1920w\" sizes=\"auto, (max-width: 1024px) 100vw, 1024px\" \/><\/figure>\n\n\n\n<div class=\"wp-block-columns is-layout-flex wp-container-core-columns-is-layout-9d6595d7 wp-block-columns-is-layout-flex\">\n<div class=\"wp-block-column is-layout-flow wp-block-column-is-layout-flow\">\n<figure class=\"wp-block-embed is-type-video is-provider-youtube wp-block-embed-youtube wp-embed-aspect-16-9 wp-has-aspect-ratio\"><div class=\"wp-block-embed__wrapper\">\n<iframe loading=\"lazy\" hcb-fetch-image-from=\"https:\/\/www.youtube.com\/watch?v=S6-B85sBSQM\" title=\"Posttraumatic Stress Disorder [PTSD] - Going to Die [OFFICIAL VIDEO]\" width=\"500\" height=\"281\" src=\"https:\/\/www.youtube.com\/embed\/S6-B85sBSQM?feature=oembed\" frameborder=\"0\" allow=\"accelerometer; autoplay; clipboard-write; encrypted-media; gyroscope; picture-in-picture; web-share\" referrerpolicy=\"strict-origin-when-cross-origin\" allowfullscreen><\/iframe>\n<\/div><\/figure>\n\n\n\n<figure class=\"wp-block-embed is-type-video is-provider-youtube wp-block-embed-youtube wp-embed-aspect-16-9 wp-has-aspect-ratio\"><div class=\"wp-block-embed__wrapper\">\n<iframe loading=\"lazy\" hcb-fetch-image-from=\"https:\/\/www.youtube.com\/watch?v=dkFnQJOTdQs\" title=\"Posttraumatic Stress Disorder [PTSD] - Great [OFFICIAL LYRICS VIDEO]\" width=\"500\" height=\"281\" src=\"https:\/\/www.youtube.com\/embed\/dkFnQJOTdQs?feature=oembed\" frameborder=\"0\" allow=\"accelerometer; autoplay; clipboard-write; encrypted-media; gyroscope; picture-in-picture; web-share\" referrerpolicy=\"strict-origin-when-cross-origin\" allowfullscreen><\/iframe>\n<\/div><\/figure>\n<\/div>\n\n\n\n<div class=\"wp-block-column is-layout-flow wp-block-column-is-layout-flow\">\n<figure class=\"wp-block-embed is-type-video is-provider-youtube wp-block-embed-youtube wp-embed-aspect-16-9 wp-has-aspect-ratio\"><div class=\"wp-block-embed__wrapper\">\n<iframe loading=\"lazy\" hcb-fetch-image-from=\"https:\/\/www.youtube.com\/watch?v=Bv7hcBVijDs\" title=\"Posttraumatic Stress Disorder [PTSD] - Addiction Called Last Night [OFFICIAL VIDEO]\" width=\"500\" height=\"281\" src=\"https:\/\/www.youtube.com\/embed\/Bv7hcBVijDs?feature=oembed\" frameborder=\"0\" allow=\"accelerometer; autoplay; clipboard-write; encrypted-media; gyroscope; picture-in-picture; web-share\" referrerpolicy=\"strict-origin-when-cross-origin\" allowfullscreen><\/iframe>\n<\/div><\/figure>\n\n\n\n<figure class=\"wp-block-embed is-type-video is-provider-youtube wp-block-embed-youtube wp-embed-aspect-16-9 wp-has-aspect-ratio\"><div class=\"wp-block-embed__wrapper\">\n<iframe loading=\"lazy\" hcb-fetch-image-from=\"https:\/\/www.youtube.com\/watch?v=gs1l-rxdWaQ\" title=\"Posttraumatic Stress Disorder [PTSD] - A Very Sad Dream [OFFICIAL VIDEO]\" width=\"500\" height=\"281\" src=\"https:\/\/www.youtube.com\/embed\/gs1l-rxdWaQ?feature=oembed\" frameborder=\"0\" allow=\"accelerometer; autoplay; clipboard-write; encrypted-media; gyroscope; picture-in-picture; web-share\" referrerpolicy=\"strict-origin-when-cross-origin\" allowfullscreen><\/iframe>\n<\/div><\/figure>\n<\/div>\n<\/div>\n","protected":false},"excerpt":{"rendered":"<p>Laut, hart und dunkel [PTSD] ist die Abk\u00fcrzung f\u00fcr Posttraumatic Stress Disorder. Die Band gr\u00fcndete sich 2003 zun\u00e4chst als reines Studio-Projekt. Das erste Album \u00bbNovember 31st\u00ab erschien im M\u00e4rz 2005 und war der Soundtrack zum Spielfilm \u00bbDer 31. November\u00ab. Live-Auftritte gab es zu dem Album jedoch keine und auch auf einen Nachfolger wartete man viele &hellip;<\/p>\n","protected":false},"author":1,"featured_media":0,"parent":0,"menu_order":0,"comment_status":"closed","ping_status":"closed","template":"","meta":{"footnotes":""},"class_list":["post-1029","page","type-page","status-publish","hentry"],"_links":{"self":[{"href":"https:\/\/melodieundwahnsinn.de\/index.php?rest_route=\/wp\/v2\/pages\/1029","targetHints":{"allow":["GET"]}}],"collection":[{"href":"https:\/\/melodieundwahnsinn.de\/index.php?rest_route=\/wp\/v2\/pages"}],"about":[{"href":"https:\/\/melodieundwahnsinn.de\/index.php?rest_route=\/wp\/v2\/types\/page"}],"author":[{"embeddable":true,"href":"https:\/\/melodieundwahnsinn.de\/index.php?rest_route=\/wp\/v2\/users\/1"}],"replies":[{"embeddable":true,"href":"https:\/\/melodieundwahnsinn.de\/index.php?rest_route=%2Fwp%2Fv2%2Fcomments&post=1029"}],"version-history":[{"count":4,"href":"https:\/\/melodieundwahnsinn.de\/index.php?rest_route=\/wp\/v2\/pages\/1029\/revisions"}],"predecessor-version":[{"id":1035,"href":"https:\/\/melodieundwahnsinn.de\/index.php?rest_route=\/wp\/v2\/pages\/1029\/revisions\/1035"}],"wp:attachment":[{"href":"https:\/\/melodieundwahnsinn.de\/index.php?rest_route=%2Fwp%2Fv2%2Fmedia&parent=1029"}],"curies":[{"name":"wp","href":"https:\/\/api.w.org\/{rel}","templated":true}]}}