{"id":1022,"date":"2024-10-02T13:41:41","date_gmt":"2024-10-02T11:41:41","guid":{"rendered":"https:\/\/melodieundwahnsinn.de\/?page_id=1022"},"modified":"2024-10-02T14:04:21","modified_gmt":"2024-10-02T12:04:21","slug":"rabatzke","status":"publish","type":"page","link":"https:\/\/melodieundwahnsinn.de\/?page_id=1022","title":{"rendered":"Rabatzke"},"content":{"rendered":"\n<h2 class=\"wp-block-heading\">Punkrock mit deutschen Texten aus Berlin<\/h2>\n\n\n\n<p>Rabatzke existieren seit Mai 2023 und machen Punkrock mit deutschen Texten. Erste Auftritte gab es ab Dezember 2023 in Berlin und Brandenburg. Im Mai 2024 erschien die erste EP \u00bbAuf die Freiheit\u00ab. Die vier Lieder der digitalen EP hatte die Band im November 2023 in den Lakeside Studios in Berlin-Buch aufgenommen. Zu drei der vier Lieder auf der EP haben Rabatzke im Laufe des Fr\u00fchjahrs 2024 auch die entsprechenden Musikvideos ver\u00f6ffentlicht.<\/p>\n\n\n\n<p>Im September 2024 begannen Rabatzke mit den Aufnahmen zum ersten Album. Weder der Titel noch ein Erscheinungstermin f\u00fcr dieses Album stehen im Moment schon fest. Man will sich Zeit lassen mit den Aufnahmen, denn schlie\u00dflich soll ja Amtliches dabei rauskommen. Ab Winter 2024 will man zudem wieder verst\u00e4rkt live auftreten. Das eigene Programm mit (bis auf eine Ausnahme) ausschlie\u00dflich selbstgeschriebenen Songs hat inzwischen eine L\u00e4nge von einer guten Stunde.<\/p>\n\n\n\n<div class=\"wp-block-columns is-layout-flex wp-container-core-columns-is-layout-9d6595d7 wp-block-columns-is-layout-flex\">\n<div class=\"wp-block-column is-layout-flow wp-block-column-is-layout-flow\">\n<p>Rabatzke sind:<br>Paul Rabatzke (Gesang)<br>Christian Rabatzke (Gitarre)<br>Dominic Rabatzke (Gitarre)<br>Carsten Rabatzke (Bass)<br>Johannes Rabatzke (Schlagzeug)<\/p>\n\n\n\n<p><a href=\"https:\/\/www.rabatzke.de\" target=\"_blank\" rel=\"noreferrer noopener\">[Zur Webseite]<\/a><br><a href=\"https:\/\/www.facebook.com\/rabatzke\" target=\"_blank\" rel=\"noreferrer noopener nofollow\">[Rabatzke bei Facebook]<\/a><br><a href=\"https:\/\/www.instagram.com\/rabatzke_punkrock_aus_berlin\/\" data-type=\"link\" data-id=\"https:\/\/www.instagram.com\/rabatzke_punkrock_aus_berlin\/\" target=\"_blank\" rel=\"noreferrer noopener nofollow\">[Rabatzke bei Instagram]<\/a><br><a href=\"\/?cat=8\" target=\"_blank\" rel=\"noreferrer noopener\">[Rabatzke bei Melodie und Wahnsinn]<\/a><\/p>\n<\/div>\n\n\n\n<div class=\"wp-block-column is-layout-flow wp-block-column-is-layout-flow\">\n<figure class=\"wp-block-image size-large\"><img loading=\"lazy\" decoding=\"async\" width=\"1024\" height=\"683\" src=\"https:\/\/melodieundwahnsinn.de\/wp-content\/uploads\/2024\/09\/2024-04-16-20-2-1024x683.jpg\" alt=\"\" class=\"wp-image-914\" srcset=\"https:\/\/melodieundwahnsinn.de\/wp-content\/uploads\/2024\/09\/2024-04-16-20-2-1024x683.jpg 1024w, https:\/\/melodieundwahnsinn.de\/wp-content\/uploads\/2024\/09\/2024-04-16-20-2-300x200.jpg 300w, https:\/\/melodieundwahnsinn.de\/wp-content\/uploads\/2024\/09\/2024-04-16-20-2-768x512.jpg 768w, https:\/\/melodieundwahnsinn.de\/wp-content\/uploads\/2024\/09\/2024-04-16-20-2-1536x1024.jpg 1536w, https:\/\/melodieundwahnsinn.de\/wp-content\/uploads\/2024\/09\/2024-04-16-20-2.jpg 1920w\" sizes=\"auto, (max-width: 1024px) 100vw, 1024px\" \/><\/figure>\n<\/div>\n<\/div>\n\n\n\n<div class=\"wp-block-columns is-layout-flex wp-container-core-columns-is-layout-9d6595d7 wp-block-columns-is-layout-flex\">\n<div class=\"wp-block-column is-layout-flow wp-block-column-is-layout-flow\">\n<figure class=\"wp-block-image size-large\"><img loading=\"lazy\" decoding=\"async\" width=\"1024\" height=\"1024\" src=\"https:\/\/melodieundwahnsinn.de\/wp-content\/uploads\/2024\/09\/Freiheit-Cover-15-1-1024x1024.jpg\" alt=\"\" class=\"wp-image-958\" srcset=\"https:\/\/melodieundwahnsinn.de\/wp-content\/uploads\/2024\/09\/Freiheit-Cover-15-1-1024x1024.jpg 1024w, https:\/\/melodieundwahnsinn.de\/wp-content\/uploads\/2024\/09\/Freiheit-Cover-15-1-300x300.jpg 300w, https:\/\/melodieundwahnsinn.de\/wp-content\/uploads\/2024\/09\/Freiheit-Cover-15-1-150x150.jpg 150w, https:\/\/melodieundwahnsinn.de\/wp-content\/uploads\/2024\/09\/Freiheit-Cover-15-1-768x768.jpg 768w, https:\/\/melodieundwahnsinn.de\/wp-content\/uploads\/2024\/09\/Freiheit-Cover-15-1-1536x1536.jpg 1536w, https:\/\/melodieundwahnsinn.de\/wp-content\/uploads\/2024\/09\/Freiheit-Cover-15-1.jpg 1920w\" sizes=\"auto, (max-width: 1024px) 100vw, 1024px\" \/><\/figure>\n<\/div>\n\n\n\n<div class=\"wp-block-column is-layout-flow wp-block-column-is-layout-flow\">\n<figure class=\"wp-block-embed is-type-rich is-provider-spotify wp-block-embed-spotify wp-embed-aspect-21-9 wp-has-aspect-ratio\"><div class=\"wp-block-embed__wrapper\">\n<iframe hcb-fetch-image-from=\"https:\/\/open.spotify.com\/intl-de\/album\/70qxt6tRwHEcNnwHIcwjpn?si=5cYa5z8qTy-uEWdMQRhzng\" title=\"Spotify Embed: Auf die Freiheit\" style=\"border-radius: 12px\" width=\"100%\" height=\"352\" frameborder=\"0\" allowfullscreen allow=\"autoplay; clipboard-write; encrypted-media; fullscreen; picture-in-picture\" loading=\"lazy\" src=\"https:\/\/open.spotify.com\/embed\/album\/70qxt6tRwHEcNnwHIcwjpn?si=5cYa5z8qTy-uEWdMQRhzng&#038;utm_source=oembed\"><\/iframe>\n<\/div><figcaption class=\"wp-element-caption\">Die EP ist selbstverst\u00e4ndlich auch auf allen anderen, g\u00e4ngigen Streamingplattformen verf\u00fcgbar.<\/figcaption><\/figure>\n<\/div>\n<\/div>\n\n\n\n<figure class=\"wp-block-embed is-type-video is-provider-youtube wp-block-embed-youtube wp-embed-aspect-16-9 wp-has-aspect-ratio\"><div class=\"wp-block-embed__wrapper\">\n<iframe loading=\"lazy\" hcb-fetch-image-from=\"https:\/\/www.youtube.com\/watch?v=L73rYZNSu-Y\" title=\"RABATZKE - Angst (Offizielles Musik Video)\" width=\"500\" height=\"281\" src=\"https:\/\/www.youtube.com\/embed\/L73rYZNSu-Y?feature=oembed\" frameborder=\"0\" allow=\"accelerometer; autoplay; clipboard-write; encrypted-media; gyroscope; picture-in-picture; web-share\" referrerpolicy=\"strict-origin-when-cross-origin\" allowfullscreen><\/iframe>\n<\/div><\/figure>\n\n\n\n<figure class=\"wp-block-embed is-type-video is-provider-youtube wp-block-embed-youtube wp-embed-aspect-16-9 wp-has-aspect-ratio\"><div class=\"wp-block-embed__wrapper\">\n<iframe loading=\"lazy\" hcb-fetch-image-from=\"https:\/\/www.youtube.com\/watch?v=bc14MbQzglc\" title=\"RABATZKE - Raketeneinschlag (Offizielles Musik Video)\" width=\"500\" height=\"281\" src=\"https:\/\/www.youtube.com\/embed\/bc14MbQzglc?feature=oembed\" frameborder=\"0\" allow=\"accelerometer; autoplay; clipboard-write; encrypted-media; gyroscope; picture-in-picture; web-share\" referrerpolicy=\"strict-origin-when-cross-origin\" allowfullscreen><\/iframe>\n<\/div><\/figure>\n\n\n\n<figure class=\"wp-block-embed is-type-video is-provider-youtube wp-block-embed-youtube wp-embed-aspect-16-9 wp-has-aspect-ratio\"><div class=\"wp-block-embed__wrapper\">\n<iframe loading=\"lazy\" hcb-fetch-image-from=\"https:\/\/www.youtube.com\/watch?v=QKgfpKeCB6A\" title=\"RABATZKE - Auf die Freiheit (Offizielles Musik Video)\" width=\"500\" height=\"281\" src=\"https:\/\/www.youtube.com\/embed\/QKgfpKeCB6A?feature=oembed\" frameborder=\"0\" allow=\"accelerometer; autoplay; clipboard-write; encrypted-media; gyroscope; picture-in-picture; web-share\" referrerpolicy=\"strict-origin-when-cross-origin\" allowfullscreen><\/iframe>\n<\/div><\/figure>\n","protected":false},"excerpt":{"rendered":"<p>Punkrock mit deutschen Texten aus Berlin Rabatzke existieren seit Mai 2023 und machen Punkrock mit deutschen Texten. Erste Auftritte gab es ab Dezember 2023 in Berlin und Brandenburg. Im Mai 2024 erschien die erste EP \u00bbAuf die Freiheit\u00ab. Die vier Lieder der digitalen EP hatte die Band im November 2023 in den Lakeside Studios in &hellip;<\/p>\n","protected":false},"author":1,"featured_media":0,"parent":0,"menu_order":0,"comment_status":"closed","ping_status":"closed","template":"","meta":{"footnotes":""},"class_list":["post-1022","page","type-page","status-publish","hentry"],"_links":{"self":[{"href":"https:\/\/melodieundwahnsinn.de\/index.php?rest_route=\/wp\/v2\/pages\/1022","targetHints":{"allow":["GET"]}}],"collection":[{"href":"https:\/\/melodieundwahnsinn.de\/index.php?rest_route=\/wp\/v2\/pages"}],"about":[{"href":"https:\/\/melodieundwahnsinn.de\/index.php?rest_route=\/wp\/v2\/types\/page"}],"author":[{"embeddable":true,"href":"https:\/\/melodieundwahnsinn.de\/index.php?rest_route=\/wp\/v2\/users\/1"}],"replies":[{"embeddable":true,"href":"https:\/\/melodieundwahnsinn.de\/index.php?rest_route=%2Fwp%2Fv2%2Fcomments&post=1022"}],"version-history":[{"count":2,"href":"https:\/\/melodieundwahnsinn.de\/index.php?rest_route=\/wp\/v2\/pages\/1022\/revisions"}],"predecessor-version":[{"id":1025,"href":"https:\/\/melodieundwahnsinn.de\/index.php?rest_route=\/wp\/v2\/pages\/1022\/revisions\/1025"}],"wp:attachment":[{"href":"https:\/\/melodieundwahnsinn.de\/index.php?rest_route=%2Fwp%2Fv2%2Fmedia&parent=1022"}],"curies":[{"name":"wp","href":"https:\/\/api.w.org\/{rel}","templated":true}]}}